{"id":709,"date":"2024-02-03T22:17:56","date_gmt":"2024-02-04T01:17:56","guid":{"rendered":"http:\/\/leibnitz.edu.ar\/?page_id=709"},"modified":"2025-02-21T21:25:07","modified_gmt":"2025-02-22T00:25:07","slug":"novedades","status":"publish","type":"page","link":"https:\/\/leibnitz.edu.ar\/index.php\/novedades\/","title":{"rendered":"Novedad 3"},"content":{"rendered":"\t\t<div data-elementor-type=\"wp-page\" data-elementor-id=\"709\" class=\"elementor elementor-709\" data-elementor-post-type=\"page\">\n\t\t\t\t<div class=\"elementor-element elementor-element-e94f361 e-con-full e-flex e-con e-parent\" data-id=\"e94f361\" data-element_type=\"container\" data-e-type=\"container\">\n\t\t\t\t<\/div>\n\t\t<div class=\"elementor-element elementor-element-1f1b9fe e-flex e-con-boxed e-con e-parent\" data-id=\"1f1b9fe\" data-element_type=\"container\" data-e-type=\"container\">\n\t\t\t\t\t<div class=\"e-con-inner\">\n\t\t<div class=\"elementor-element elementor-element-62b2bc6 e-con-full e-flex e-con e-child\" data-id=\"62b2bc6\" data-element_type=\"container\" data-e-type=\"container\">\n\t\t\t\t<div class=\"elementor-element elementor-element-3d7a848 elementor-widget elementor-widget-heading\" data-id=\"3d7a848\" data-element_type=\"widget\" data-e-type=\"widget\" data-widget_type=\"heading.default\">\n\t\t\t\t<div class=\"elementor-widget-container\">\n\t\t\t\t\t<h2 class=\"elementor-heading-title elementor-size-default\">Ex\u00e1menes Finales - Marzo 2025<\/h2>\t\t\t\t<\/div>\n\t\t\t\t<\/div>\n\t\t\t\t<div class=\"elementor-element elementor-element-782553d elementor-widget elementor-widget-text-editor\" data-id=\"782553d\" data-element_type=\"widget\" data-e-type=\"widget\" data-widget_type=\"text-editor.default\">\n\t\t\t\t<div class=\"elementor-widget-container\">\n\t\t\t\t\t\t\t\t\t<p data-start=\"173\" data-end=\"208\">Estimadas familias y estudiantes,<\/p><p data-start=\"210\" data-end=\"418\">Les informamos que el <strong data-start=\"232\" data-end=\"255\">per\u00edodo de ex\u00e1menes<\/strong> se llevar\u00e1 a cabo desde el <strong data-start=\"283\" data-end=\"318\">5 de marzo hasta el 20 de marzo<\/strong>. Durante estas fechas, se rendir\u00e1n las materias correspondientes seg\u00fan el cronograma establecido.<\/p><p data-start=\"420\" data-end=\"666\">\ud83d\udccc <strong data-start=\"423\" data-end=\"443\">Recomendaciones:<\/strong><br data-start=\"443\" data-end=\"446\" \/>\u2705 Tener abonada la inscripci\u00f3n 2025<\/p><p data-start=\"668\" data-end=\"743\">Para m\u00e1s informaci\u00f3n, pueden comunicarse con la Secretar\u00eda del Instituto.<\/p><p data-start=\"745\" data-end=\"779\">\ud83d\udccd \u00a1Mucho \u00e9xito para todos! \ud83c\udfaf\ud83d\udcda<\/p><div>\u00a0<\/div>\t\t\t\t\t\t\t\t<\/div>\n\t\t\t\t<\/div>\n\t\t\t\t<div class=\"elementor-element elementor-element-e628a1c elementor-widget elementor-widget-button\" data-id=\"e628a1c\" data-element_type=\"widget\" data-e-type=\"widget\" data-widget_type=\"button.default\">\n\t\t\t\t<div class=\"elementor-widget-container\">\n\t\t\t\t\t\t\t\t\t<div class=\"elementor-button-wrapper\">\n\t\t\t\t\t<a class=\"elementor-button elementor-button-link elementor-size-sm\" href=\"https:\/\/leibnitz.edu.ar\/index.php\/examenes-finales\/\">\n\t\t\t\t\t\t<span class=\"elementor-button-content-wrapper\">\n\t\t\t\t\t\t\t\t\t<span class=\"elementor-button-text\">Inscribite aqu\u00ed<\/span>\n\t\t\t\t\t<\/span>\n\t\t\t\t\t<\/a>\n\t\t\t\t<\/div>\n\t\t\t\t\t\t\t\t<\/div>\n\t\t\t\t<\/div>\n\t\t\t\t<\/div>\n\t\t<div class=\"elementor-element elementor-element-3552f09 e-con-full e-flex e-con e-child\" data-id=\"3552f09\" data-element_type=\"container\" data-e-type=\"container\">\n\t\t\t\t<div class=\"elementor-element elementor-element-61097cd elementor-widget elementor-widget-image\" data-id=\"61097cd\" data-element_type=\"widget\" data-e-type=\"widget\" data-widget_type=\"image.default\">\n\t\t\t\t<div class=\"elementor-widget-container\">\n\t\t\t\t\t\t\t\t\t\t\t\t\t\t\t<img fetchpriority=\"high\" decoding=\"async\" width=\"800\" height=\"532\" src=\"https:\/\/leibnitz.edu.ar\/wp-content\/uploads\/2025\/02\/DSC_6503-1024x681.jpg\" class=\"attachment-large size-large wp-image-2518\" alt=\"\" srcset=\"https:\/\/leibnitz.edu.ar\/wp-content\/uploads\/2025\/02\/DSC_6503-1024x681.jpg 1024w, https:\/\/leibnitz.edu.ar\/wp-content\/uploads\/2025\/02\/DSC_6503-300x200.jpg 300w, https:\/\/leibnitz.edu.ar\/wp-content\/uploads\/2025\/02\/DSC_6503-768x511.jpg 768w, https:\/\/leibnitz.edu.ar\/wp-content\/uploads\/2025\/02\/DSC_6503-1536x1022.jpg 1536w, https:\/\/leibnitz.edu.ar\/wp-content\/uploads\/2025\/02\/DSC_6503-2048x1363.jpg 2048w\" sizes=\"(max-width: 800px) 100vw, 800px\" \/>\t\t\t\t\t\t\t\t\t\t\t\t\t\t\t<\/div>\n\t\t\t\t<\/div>\n\t\t\t\t<div class=\"elementor-element elementor-element-45204d8 elementor-widget elementor-widget-text-editor\" data-id=\"45204d8\" data-element_type=\"widget\" data-e-type=\"widget\" data-widget_type=\"text-editor.default\">\n\t\t\t\t<div class=\"elementor-widget-container\">\n\t\t\t\t\t\t\t\t\t<p><strong>M\u00e1s novedades..<\/strong><\/p><p>\u00a0<\/p>\t\t\t\t\t\t\t\t<\/div>\n\t\t\t\t<\/div>\n\t\t\t\t<\/div>\n\t\t\t\t\t<\/div>\n\t\t\t\t<\/div>\n\t\t\t\t<\/div>\n\t\t","protected":false},"excerpt":{"rendered":"<p>Ex\u00e1menes Finales &#8211; Marzo 2025 Estimadas familias y estudiantes, Les informamos que el per\u00edodo de ex\u00e1menes se llevar\u00e1 a cabo desde el 5 de marzo hasta el 20 de marzo. Durante estas fechas, se rendir\u00e1n las materias correspondientes seg\u00fan el cronograma establecido. \ud83d\udccc Recomendaciones:\u2705 Tener abonada la inscripci\u00f3n 2025 Para m\u00e1s informaci\u00f3n, pueden comunicarse con [&hellip;]<\/p>\n","protected":false},"author":1,"featured_media":0,"parent":0,"menu_order":0,"comment_status":"closed","ping_status":"closed","template":"","meta":{"_joinchat":[],"footnotes":""},"class_list":["post-709","page","type-page","status-publish","hentry"],"_links":{"self":[{"href":"https:\/\/leibnitz.edu.ar\/index.php\/wp-json\/wp\/v2\/pages\/709","targetHints":{"allow":["GET"]}}],"collection":[{"href":"https:\/\/leibnitz.edu.ar\/index.php\/wp-json\/wp\/v2\/pages"}],"about":[{"href":"https:\/\/leibnitz.edu.ar\/index.php\/wp-json\/wp\/v2\/types\/page"}],"author":[{"embeddable":true,"href":"https:\/\/leibnitz.edu.ar\/index.php\/wp-json\/wp\/v2\/users\/1"}],"replies":[{"embeddable":true,"href":"https:\/\/leibnitz.edu.ar\/index.php\/wp-json\/wp\/v2\/comments?post=709"}],"version-history":[{"count":68,"href":"https:\/\/leibnitz.edu.ar\/index.php\/wp-json\/wp\/v2\/pages\/709\/revisions"}],"predecessor-version":[{"id":2582,"href":"https:\/\/leibnitz.edu.ar\/index.php\/wp-json\/wp\/v2\/pages\/709\/revisions\/2582"}],"wp:attachment":[{"href":"https:\/\/leibnitz.edu.ar\/index.php\/wp-json\/wp\/v2\/media?parent=709"}],"curies":[{"name":"wp","href":"https:\/\/api.w.org\/{rel}","templated":true}]}}