{"id":464,"date":"2024-01-18T06:10:38","date_gmt":"2024-01-18T09:10:38","guid":{"rendered":"http:\/\/leibnitz.edu.ar\/?page_id=464"},"modified":"2026-02-23T20:44:55","modified_gmt":"2026-02-23T23:44:55","slug":"tramites-online","status":"publish","type":"page","link":"https:\/\/leibnitz.edu.ar\/index.php\/tramites-online\/","title":{"rendered":"TRAMITES ONLINE"},"content":{"rendered":"\t\t<div data-elementor-type=\"wp-page\" data-elementor-id=\"464\" class=\"elementor elementor-464\" data-elementor-post-type=\"page\">\n\t\t\t\t<div class=\"elementor-element elementor-element-37a460e6 e-con-full e-flex e-con e-parent\" data-id=\"37a460e6\" data-element_type=\"container\" data-e-type=\"container\">\n\t\t\t\t<div class=\"elementor-element elementor-element-525608c6 elementor-widget elementor-widget-image\" data-id=\"525608c6\" data-element_type=\"widget\" data-e-type=\"widget\" data-widget_type=\"image.default\">\n\t\t\t\t<div class=\"elementor-widget-container\">\n\t\t\t\t\t\t\t\t\t\t\t\t\t\t\t<img fetchpriority=\"high\" decoding=\"async\" width=\"2560\" height=\"425\" src=\"https:\/\/leibnitz.edu.ar\/wp-content\/uploads\/2024\/01\/Tramites-scaled.jpg\" class=\"attachment-full size-full wp-image-608\" alt=\"\" srcset=\"https:\/\/leibnitz.edu.ar\/wp-content\/uploads\/2024\/01\/Tramites-scaled.jpg 2560w, https:\/\/leibnitz.edu.ar\/wp-content\/uploads\/2024\/01\/Tramites-300x50.jpg 300w, https:\/\/leibnitz.edu.ar\/wp-content\/uploads\/2024\/01\/Tramites-1024x170.jpg 1024w, https:\/\/leibnitz.edu.ar\/wp-content\/uploads\/2024\/01\/Tramites-768x128.jpg 768w, https:\/\/leibnitz.edu.ar\/wp-content\/uploads\/2024\/01\/Tramites-1536x255.jpg 1536w, https:\/\/leibnitz.edu.ar\/wp-content\/uploads\/2024\/01\/Tramites-2048x340.jpg 2048w\" sizes=\"(max-width: 2560px) 100vw, 2560px\" \/>\t\t\t\t\t\t\t\t\t\t\t\t\t\t\t<\/div>\n\t\t\t\t<\/div>\n\t\t\t\t<\/div>\n\t\t<div class=\"elementor-element elementor-element-4443555 e-flex e-con-boxed e-con e-parent\" data-id=\"4443555\" data-element_type=\"container\" data-e-type=\"container\">\n\t\t\t\t\t<div class=\"e-con-inner\">\n\t\t<div class=\"elementor-element elementor-element-f1ee680 e-con-full e-flex e-con e-child\" data-id=\"f1ee680\" data-element_type=\"container\" data-e-type=\"container\">\n\t\t\t\t<div class=\"elementor-element elementor-element-5b89d7b elementor-widget elementor-widget-text-editor\" data-id=\"5b89d7b\" data-element_type=\"widget\" data-e-type=\"widget\" data-widget_type=\"text-editor.default\">\n\t\t\t\t<div class=\"elementor-widget-container\">\n\t\t\t\t\t\t\t\t\t<p>Estimados estudiantes:<\/p><p>En este espacio, pueden solicitar los siguientes certificados:<\/p><ul><li><strong>Alumno Regular<\/strong><\/li><li><strong>Anal\u00edtico<\/strong><\/li><li><strong>Planificaciones (indicar la\/s materia\/s en el campo de &#8216;observaciones&#8217;)<\/strong><\/li><li><strong>Asistencia a Examen Parcial<\/strong><\/li><li><strong>Asistencia a Examen Final<\/strong><\/li><li><strong>Certificaci\u00f3n Intermedia<\/strong><\/li><li><strong>T\u00edtulo en Tr\u00e1mite<\/strong><\/li><li><strong>Boleto Educativo<\/strong><\/li><\/ul><div>\u00a0<\/div><div><strong>Tramitaci\u00f3n de Boleto Educativo Cordob\u00e9s<\/strong><\/div><ul><li>Se deben completar los datos que se solicitan en la p\u00e1gina web del Instituto (ESTUDIANTES \u2013 TR\u00c1MITES &#8211; Boleto Educativo)<\/li><li>Semanalmente el Instituto eleva las solicitudes a la Secretar\u00eda de Transporte de la Provincia<\/li><li>Una vez registrada la matriculaci\u00f3n por parte de la Sec. de Transporte, se puede realizar el FUP mediante CIDI, para la tramitaci\u00f3n del BEC (esta etapa es tr\u00e1mite personal de cada estudiante)<\/li><\/ul><p>\u00a0<\/p><p>La entrega de los certificados se realizar\u00e1 de forma presencial en la bedel\u00eda del Instituto, 48 horas despu\u00e9s de la solicitud. El horario de atenci\u00f3n de la bedel\u00eda es de lunes a viernes, de 18:00 a 22:00 horas.<\/p>\t\t\t\t\t\t\t\t<\/div>\n\t\t\t\t<\/div>\n\t\t\t\t<div class=\"elementor-element elementor-element-01d009a elementor-widget__width-initial certificado-tramites elementor-widget elementor-widget-heading\" data-id=\"01d009a\" data-element_type=\"widget\" data-e-type=\"widget\" data-settings=\"{&quot;_animation&quot;:&quot;none&quot;}\" data-widget_type=\"heading.default\">\n\t\t\t\t<div class=\"elementor-widget-container\">\n\t\t\t\t\t<h2 class=\"elementor-heading-title elementor-size-default\"><a href=\"https:\/\/forms.gle\/DTmaFKyGL5CHDKrb9\">COMENZAR TR\u00c1MITE<\/a><\/h2>\t\t\t\t<\/div>\n\t\t\t\t<\/div>\n\t\t\t\t<\/div>\n\t\t<div class=\"elementor-element elementor-element-82fbf06 e-con-full e-flex e-con e-child\" data-id=\"82fbf06\" data-element_type=\"container\" data-e-type=\"container\">\n\t\t\t\t<\/div>\n\t\t\t\t\t<\/div>\n\t\t\t\t<\/div>\n\t\t\t\t<\/div>\n\t\t","protected":false},"excerpt":{"rendered":"<p>Estimados estudiantes: En este espacio, pueden solicitar los siguientes certificados: Alumno Regular Anal\u00edtico Planificaciones (indicar la\/s materia\/s en el campo de &#8216;observaciones&#8217;) Asistencia a Examen Parcial Asistencia a Examen Final Certificaci\u00f3n Intermedia T\u00edtulo en Tr\u00e1mite Boleto Educativo \u00a0Tramitaci\u00f3n de Boleto Educativo Cordob\u00e9s Se deben completar los datos que se solicitan en la p\u00e1gina web del [&hellip;]<\/p>\n","protected":false},"author":1,"featured_media":0,"parent":0,"menu_order":0,"comment_status":"closed","ping_status":"closed","template":"","meta":{"_joinchat":[],"footnotes":""},"class_list":["post-464","page","type-page","status-publish","hentry"],"_links":{"self":[{"href":"https:\/\/leibnitz.edu.ar\/index.php\/wp-json\/wp\/v2\/pages\/464","targetHints":{"allow":["GET"]}}],"collection":[{"href":"https:\/\/leibnitz.edu.ar\/index.php\/wp-json\/wp\/v2\/pages"}],"about":[{"href":"https:\/\/leibnitz.edu.ar\/index.php\/wp-json\/wp\/v2\/types\/page"}],"author":[{"embeddable":true,"href":"https:\/\/leibnitz.edu.ar\/index.php\/wp-json\/wp\/v2\/users\/1"}],"replies":[{"embeddable":true,"href":"https:\/\/leibnitz.edu.ar\/index.php\/wp-json\/wp\/v2\/comments?post=464"}],"version-history":[{"count":127,"href":"https:\/\/leibnitz.edu.ar\/index.php\/wp-json\/wp\/v2\/pages\/464\/revisions"}],"predecessor-version":[{"id":2932,"href":"https:\/\/leibnitz.edu.ar\/index.php\/wp-json\/wp\/v2\/pages\/464\/revisions\/2932"}],"wp:attachment":[{"href":"https:\/\/leibnitz.edu.ar\/index.php\/wp-json\/wp\/v2\/media?parent=464"}],"curies":[{"name":"wp","href":"https:\/\/api.w.org\/{rel}","templated":true}]}}