{"id":446,"date":"2024-01-18T06:04:38","date_gmt":"2024-01-18T09:04:38","guid":{"rendered":"http:\/\/leibnitz.edu.ar\/?page_id=446"},"modified":"2025-11-04T19:35:24","modified_gmt":"2025-11-04T22:35:24","slug":"coloquios","status":"publish","type":"page","link":"https:\/\/leibnitz.edu.ar\/index.php\/coloquios\/","title":{"rendered":"Coloquios"},"content":{"rendered":"\t\t<div data-elementor-type=\"wp-page\" data-elementor-id=\"446\" class=\"elementor elementor-446\" data-elementor-post-type=\"page\">\n\t\t\t\t<div class=\"elementor-element elementor-element-cd1578d e-con-full e-flex e-con e-parent\" data-id=\"cd1578d\" data-element_type=\"container\" data-e-type=\"container\">\n\t\t\t\t<div class=\"elementor-element elementor-element-c1fea3e elementor-widget elementor-widget-image\" data-id=\"c1fea3e\" data-element_type=\"widget\" data-e-type=\"widget\" data-widget_type=\"image.default\">\n\t\t\t\t<div class=\"elementor-widget-container\">\n\t\t\t\t\t\t\t\t\t\t\t\t\t\t\t<img fetchpriority=\"high\" decoding=\"async\" width=\"2560\" height=\"422\" src=\"https:\/\/leibnitz.edu.ar\/wp-content\/uploads\/2024\/01\/Coloquios-scaled.jpg\" class=\"attachment-full size-full wp-image-579\" alt=\"\" srcset=\"https:\/\/leibnitz.edu.ar\/wp-content\/uploads\/2024\/01\/Coloquios-scaled.jpg 2560w, https:\/\/leibnitz.edu.ar\/wp-content\/uploads\/2024\/01\/Coloquios-300x49.jpg 300w, https:\/\/leibnitz.edu.ar\/wp-content\/uploads\/2024\/01\/Coloquios-1024x169.jpg 1024w, https:\/\/leibnitz.edu.ar\/wp-content\/uploads\/2024\/01\/Coloquios-768x127.jpg 768w, https:\/\/leibnitz.edu.ar\/wp-content\/uploads\/2024\/01\/Coloquios-1536x253.jpg 1536w, https:\/\/leibnitz.edu.ar\/wp-content\/uploads\/2024\/01\/Coloquios-2048x338.jpg 2048w\" sizes=\"(max-width: 2560px) 100vw, 2560px\" \/>\t\t\t\t\t\t\t\t\t\t\t\t\t\t\t<\/div>\n\t\t\t\t<\/div>\n\t\t\t\t<\/div>\n\t\t<div class=\"elementor-element elementor-element-f772f62 e-flex e-con-boxed e-con e-parent\" data-id=\"f772f62\" data-element_type=\"container\" data-e-type=\"container\">\n\t\t\t\t\t<div class=\"e-con-inner\">\n\t\t\t\t<div class=\"elementor-element elementor-element-8b9db89 elementor-widget__width-initial elementor-widget elementor-widget-text-editor\" data-id=\"8b9db89\" data-element_type=\"widget\" data-e-type=\"widget\" data-widget_type=\"text-editor.default\">\n\t\t\t\t<div class=\"elementor-widget-container\">\n\t\t\t\t\t\t\t\t\t<h2><strong>HORARIOS DE COLOQUIOS<\/strong><\/h2><p>Queridos estudiantes, compartimos con ustedes las horarios de coloquios. <b>\u00a0<\/b><\/p><p><b>Per\u00edodo de inscripci\u00f3n:<\/b> del 4 al 7 de noviembre inclusive.<\/p>\t\t\t\t\t\t\t\t<\/div>\n\t\t\t\t<\/div>\n\t\t\t\t<div class=\"elementor-element elementor-element-6395195 elementor-widget elementor-widget-button\" data-id=\"6395195\" data-element_type=\"widget\" data-e-type=\"widget\" data-widget_type=\"button.default\">\n\t\t\t\t<div class=\"elementor-widget-container\">\n\t\t\t\t\t\t\t\t\t<div class=\"elementor-button-wrapper\">\n\t\t\t\t\t<a class=\"elementor-button elementor-button-link elementor-size-sm\" href=\"https:\/\/leibnitz.edu.ar\/wp-content\/uploads\/2025\/11\/Fechas-Examenes-Analistas-Coloquios.pdf\">\n\t\t\t\t\t\t<span class=\"elementor-button-content-wrapper\">\n\t\t\t\t\t\t\t\t\t<span class=\"elementor-button-text\">ANALISTA DE SISTEMAS DE COMPUTACI\u00d3N<\/span>\n\t\t\t\t\t<\/span>\n\t\t\t\t\t<\/a>\n\t\t\t\t<\/div>\n\t\t\t\t\t\t\t\t<\/div>\n\t\t\t\t<\/div>\n\t\t\t\t<div class=\"elementor-element elementor-element-55443ac elementor-widget elementor-widget-button\" data-id=\"55443ac\" data-element_type=\"widget\" data-e-type=\"widget\" data-widget_type=\"button.default\">\n\t\t\t\t<div class=\"elementor-widget-container\">\n\t\t\t\t\t\t\t\t\t<div class=\"elementor-button-wrapper\">\n\t\t\t\t\t<a class=\"elementor-button elementor-button-link elementor-size-sm\" href=\"https:\/\/leibnitz.edu.ar\/wp-content\/uploads\/2025\/11\/Fechas-Examenes-Hardware-Coloquios.pdf\">\n\t\t\t\t\t\t<span class=\"elementor-button-content-wrapper\">\n\t\t\t\t\t\t\t\t\t<span class=\"elementor-button-text\">T\u00c9CNICO SUPERIOR EN HARDWARE<\/span>\n\t\t\t\t\t<\/span>\n\t\t\t\t\t<\/a>\n\t\t\t\t<\/div>\n\t\t\t\t\t\t\t\t<\/div>\n\t\t\t\t<\/div>\n\t\t\t\t<div class=\"elementor-element elementor-element-cb98b6e elementor-widget elementor-widget-button\" data-id=\"cb98b6e\" data-element_type=\"widget\" data-e-type=\"widget\" data-widget_type=\"button.default\">\n\t\t\t\t<div class=\"elementor-widget-container\">\n\t\t\t\t\t\t\t\t\t<div class=\"elementor-button-wrapper\">\n\t\t\t\t\t<a class=\"elementor-button elementor-button-link elementor-size-sm\" href=\"https:\/\/leibnitz.edu.ar\/wp-content\/uploads\/2025\/11\/Fechas-Examenes-Gestion-Coloquios.pdf\">\n\t\t\t\t\t\t<span class=\"elementor-button-content-wrapper\">\n\t\t\t\t\t\t\t\t\t<span class=\"elementor-button-text\">T\u00c9CNICO SUPERIOR EN GESTI\u00d3N ADMINISTRATIVA<\/span>\n\t\t\t\t\t<\/span>\n\t\t\t\t\t<\/a>\n\t\t\t\t<\/div>\n\t\t\t\t\t\t\t\t<\/div>\n\t\t\t\t<\/div>\n\t\t\t\t<div class=\"elementor-element elementor-element-99b904a elementor-widget elementor-widget-button\" data-id=\"99b904a\" data-element_type=\"widget\" data-e-type=\"widget\" data-widget_type=\"button.default\">\n\t\t\t\t<div class=\"elementor-widget-container\">\n\t\t\t\t\t\t\t\t\t<div class=\"elementor-button-wrapper\">\n\t\t\t\t\t<a class=\"elementor-button elementor-button-link elementor-size-sm\" href=\"https:\/\/leibnitz.edu.ar\/wp-content\/uploads\/2025\/11\/Fechas-Examenes-Marketing-Coloquios.pdf\">\n\t\t\t\t\t\t<span class=\"elementor-button-content-wrapper\">\n\t\t\t\t\t\t\t\t\t<span class=\"elementor-button-text\">T\u00c9CNICO SUPERIOR EN MARKETING DIGITAL<\/span>\n\t\t\t\t\t<\/span>\n\t\t\t\t\t<\/a>\n\t\t\t\t<\/div>\n\t\t\t\t\t\t\t\t<\/div>\n\t\t\t\t<\/div>\n\t\t\t\t<div class=\"elementor-element elementor-element-737d67a elementor-widget__width-initial elementor-widget elementor-widget-text-editor\" data-id=\"737d67a\" data-element_type=\"widget\" data-e-type=\"widget\" data-widget_type=\"text-editor.default\">\n\t\t\t\t<div class=\"elementor-widget-container\">\n\t\t\t\t\t\t\t\t\t<h2><strong>INSCRIPCIONES A COLOQUIOS\u00a0<\/strong><\/h2><p><b>Fechas de coloquios 2\u00b0 cuatrimestre y materias anuales.<\/b><\/p><p><a href=\"https:\/\/forms.gle\/FYNc3RVgCJKw2jzbA\" target=\"_blank\" rel=\"noopener\">ANALISTA DE SISTEMAS DE COMPUTACI\u00d3N<\/a><\/p><p><a href=\"https:\/\/forms.gle\/rGkUk3vV48jKjNbq7\" target=\"_blank\" rel=\"noopener\">T\u00c9CNICO SUPERIOR EN HARDWARE<\/a><\/p><p><a href=\"https:\/\/forms.gle\/bipntXTkHkwChsUW8\" target=\"_blank\" rel=\"noopener\">T\u00c9CNICO SUPERIOR EN GESTI\u00d3N ADMINISTRATIVA\u00a0<\/a><\/p><p><a href=\"https:\/\/forms.gle\/BqMDhgBf9jSvaHBp7\">T\u00c9CNICO SUPERIOR EN MARKETING DIGITAL<\/a><\/p>\t\t\t\t\t\t\t\t<\/div>\n\t\t\t\t<\/div>\n\t\t\t\t\t<\/div>\n\t\t\t\t<\/div>\n\t\t\t\t<\/div>\n\t\t","protected":false},"excerpt":{"rendered":"<p>HORARIOS DE COLOQUIOS Queridos estudiantes, compartimos con ustedes las horarios de coloquios. \u00a0 Per\u00edodo de inscripci\u00f3n: del 4 al 7 de noviembre inclusive. ANALISTA DE SISTEMAS DE COMPUTACI\u00d3N T\u00c9CNICO SUPERIOR EN HARDWARE T\u00c9CNICO SUPERIOR EN GESTI\u00d3N ADMINISTRATIVA T\u00c9CNICO SUPERIOR EN MARKETING DIGITAL INSCRIPCIONES A COLOQUIOS\u00a0 Fechas de coloquios 2\u00b0 cuatrimestre y materias anuales. ANALISTA DE [&hellip;]<\/p>\n","protected":false},"author":1,"featured_media":0,"parent":0,"menu_order":0,"comment_status":"closed","ping_status":"closed","template":"","meta":{"_joinchat":[],"footnotes":""},"class_list":["post-446","page","type-page","status-publish","hentry"],"_links":{"self":[{"href":"https:\/\/leibnitz.edu.ar\/index.php\/wp-json\/wp\/v2\/pages\/446","targetHints":{"allow":["GET"]}}],"collection":[{"href":"https:\/\/leibnitz.edu.ar\/index.php\/wp-json\/wp\/v2\/pages"}],"about":[{"href":"https:\/\/leibnitz.edu.ar\/index.php\/wp-json\/wp\/v2\/types\/page"}],"author":[{"embeddable":true,"href":"https:\/\/leibnitz.edu.ar\/index.php\/wp-json\/wp\/v2\/users\/1"}],"replies":[{"embeddable":true,"href":"https:\/\/leibnitz.edu.ar\/index.php\/wp-json\/wp\/v2\/comments?post=446"}],"version-history":[{"count":64,"href":"https:\/\/leibnitz.edu.ar\/index.php\/wp-json\/wp\/v2\/pages\/446\/revisions"}],"predecessor-version":[{"id":2860,"href":"https:\/\/leibnitz.edu.ar\/index.php\/wp-json\/wp\/v2\/pages\/446\/revisions\/2860"}],"wp:attachment":[{"href":"https:\/\/leibnitz.edu.ar\/index.php\/wp-json\/wp\/v2\/media?parent=446"}],"curies":[{"name":"wp","href":"https:\/\/api.w.org\/{rel}","templated":true}]}}