{"id":1485,"date":"2024-03-06T14:49:38","date_gmt":"2024-03-06T17:49:38","guid":{"rendered":"http:\/\/leibnitz.edu.ar\/?page_id=1485"},"modified":"2025-08-05T19:42:20","modified_gmt":"2025-08-05T22:42:20","slug":"power-bi","status":"publish","type":"page","link":"https:\/\/leibnitz.edu.ar\/index.php\/power-bi\/","title":{"rendered":"Power BI"},"content":{"rendered":"\t\t<div data-elementor-type=\"wp-page\" data-elementor-id=\"1485\" class=\"elementor elementor-1485\" data-elementor-post-type=\"page\">\n\t\t\t\t<div class=\"elementor-element elementor-element-2a5da40 e-flex e-con-boxed e-con e-parent\" data-id=\"2a5da40\" data-element_type=\"container\" data-e-type=\"container\">\n\t\t\t\t\t<div class=\"e-con-inner\">\n\t\t\t\t\t<\/div>\n\t\t\t\t<\/div>\n\t\t<div class=\"elementor-element elementor-element-3c8437d e-flex e-con-boxed e-con e-parent\" data-id=\"3c8437d\" data-element_type=\"container\" data-e-type=\"container\">\n\t\t\t\t\t<div class=\"e-con-inner\">\n\t\t\t\t<div class=\"elementor-element elementor-element-26d6eae elementor-widget elementor-widget-heading\" data-id=\"26d6eae\" data-element_type=\"widget\" data-e-type=\"widget\" data-widget_type=\"heading.default\">\n\t\t\t\t<div class=\"elementor-widget-container\">\n\t\t\t\t\t<h2 class=\"elementor-heading-title elementor-size-default\">INTRODUCCI\u00d3N A POWER BI<\/h2>\t\t\t\t<\/div>\n\t\t\t\t<\/div>\n\t\t\t\t\t<\/div>\n\t\t\t\t<\/div>\n\t\t<div class=\"elementor-element elementor-element-e5ca0f0 e-flex e-con-boxed e-con e-parent\" data-id=\"e5ca0f0\" data-element_type=\"container\" data-e-type=\"container\">\n\t\t\t\t\t<div class=\"e-con-inner\">\n\t\t\t\t<div class=\"elementor-element elementor-element-805327b elementor-widget__width-initial elementor-widget elementor-widget-text-editor\" data-id=\"805327b\" data-element_type=\"widget\" data-e-type=\"widget\" data-widget_type=\"text-editor.default\">\n\t\t\t\t<div class=\"elementor-widget-container\">\n\t\t\t\t\t\t\t\t\t<p><b>Objetivos del curso:<\/b><\/p><ul><li style=\"font-weight: 400;\" aria-level=\"1\"><span style=\"font-weight: 400;\">Familiarizar a los estudiantes con las capacidades y funcionalidades b\u00e1sicas de Power BI.<\/span><\/li><li style=\"font-weight: 400;\" aria-level=\"1\"><span style=\"font-weight: 400;\">Ense\u00f1ar a importar, transformar y visualizar datos utilizando Power BI Desktop.<\/span><\/li><li style=\"font-weight: 400;\" aria-level=\"1\"><span style=\"font-weight: 400;\">Introducir a los estudiantes en la creaci\u00f3n de informes interactivos y paneles de control.<\/span><\/li><li style=\"font-weight: 400;\" aria-level=\"1\"><span style=\"font-weight: 400;\">Proporcionar una visi\u00f3n general de las capacidades de publicaci\u00f3n y colaboraci\u00f3n de Power BI Service.<\/span><\/li><\/ul><p><b>Duraci\u00f3n del curso:<\/b><\/p><ul><li style=\"font-weight: 400;\" aria-level=\"1\"><span style=\"font-weight: 400;\">El curso se estructurar\u00e1 en seis encuentros presenciales de 2 horas reloj de duraci\u00f3n.<\/span><\/li><\/ul><p><strong>Apertura:<\/strong><\/p><p>Viernes 26 de septiembre a las 19hs<\/p><p><b>Temario:<\/b><\/p><ol><li style=\"font-weight: 400;\" aria-level=\"1\"><b>Introducci\u00f3n a Power BI<\/b><span style=\"font-weight: 400;\">\u00a0<\/span><ul><li style=\"font-weight: 400;\" aria-level=\"2\"><span style=\"font-weight: 400;\">\u00bfQu\u00e9 es Power BI?<\/span><\/li><li style=\"font-weight: 400;\" aria-level=\"2\"><span style=\"font-weight: 400;\">Beneficios y casos de uso.<\/span><\/li><\/ul><\/li><li style=\"font-weight: 400;\" aria-level=\"1\"><b>Primeros pasos con Power BI Desktop<\/b><span style=\"font-weight: 400;\">\u00a0<\/span><ul><li style=\"font-weight: 400;\" aria-level=\"2\"><span style=\"font-weight: 400;\">Descarga e instalaci\u00f3n.<\/span><\/li><li style=\"font-weight: 400;\" aria-level=\"2\"><span style=\"font-weight: 400;\">Conexi\u00f3n a fuentes de datos.<\/span><\/li><li style=\"font-weight: 400;\" aria-level=\"2\"><span style=\"font-weight: 400;\">Transformaci\u00f3n de datos b\u00e1sica.<\/span><\/li><\/ul><\/li><li style=\"font-weight: 400;\" aria-level=\"1\"><b>Modelado de datos en Power BI<\/b><span style=\"font-weight: 400;\">\u00a0<\/span><ul><li style=\"font-weight: 400;\" aria-level=\"2\"><span style=\"font-weight: 400;\">Creaci\u00f3n de relaciones entre tablas.<\/span><\/li><li style=\"font-weight: 400;\" aria-level=\"2\"><span style=\"font-weight: 400;\">Uso de DAX (Data Analysis Expressions) para c\u00e1lculos simples.<\/span><\/li><\/ul><\/li><li style=\"font-weight: 400;\" aria-level=\"1\"><b>Creaci\u00f3n de informes<\/b><span style=\"font-weight: 400;\">\u00a0<\/span><ul><li style=\"font-weight: 400;\" aria-level=\"2\"><span style=\"font-weight: 400;\">Creaci\u00f3n de visualizaciones b\u00e1sicas (gr\u00e1ficos, tablas, etc.).<\/span><\/li><li style=\"font-weight: 400;\" aria-level=\"2\"><span style=\"font-weight: 400;\">Dise\u00f1o de informes interactivos.<\/span><\/li><\/ul><\/li><li style=\"font-weight: 400;\" aria-level=\"1\"><b>Creaci\u00f3n de paneles de control<\/b><span style=\"font-weight: 400;\">\u00a0<\/span><ul><li style=\"font-weight: 400;\" aria-level=\"2\"><span style=\"font-weight: 400;\">Organizaci\u00f3n de visualizaciones en un panel de control.<\/span><\/li><li style=\"font-weight: 400;\" aria-level=\"2\"><span style=\"font-weight: 400;\">Uso de filtros y segmentaci\u00f3n.<\/span><\/li><\/ul><\/li><li style=\"font-weight: 400;\" aria-level=\"1\"><b>Publicaci\u00f3n y colaboraci\u00f3n<\/b><span style=\"font-weight: 400;\">\u00a0<\/span><ul><li style=\"font-weight: 400;\" aria-level=\"2\"><span style=\"font-weight: 400;\">Publicaci\u00f3n de informes en Power BI Service.<\/span><\/li><\/ul><\/li><\/ol>\t\t\t\t\t\t\t\t<\/div>\n\t\t\t\t<\/div>\n\t\t<div class=\"elementor-element elementor-element-84844bd e-con-full e-flex e-con e-child\" data-id=\"84844bd\" data-element_type=\"container\" data-e-type=\"container\">\n\t\t\t\t<div class=\"elementor-element elementor-element-d4076db elementor-widget elementor-widget-image\" data-id=\"d4076db\" data-element_type=\"widget\" data-e-type=\"widget\" data-widget_type=\"image.default\">\n\t\t\t\t<div class=\"elementor-widget-container\">\n\t\t\t\t\t\t\t\t\t\t\t\t\t\t\t<img fetchpriority=\"high\" decoding=\"async\" width=\"576\" height=\"1024\" src=\"https:\/\/leibnitz.edu.ar\/wp-content\/uploads\/2025\/05\/Power-Bi_2025-576x1024.png\" class=\"attachment-large size-large wp-image-2768\" alt=\"\" srcset=\"https:\/\/leibnitz.edu.ar\/wp-content\/uploads\/2025\/05\/Power-Bi_2025-576x1024.png 576w, https:\/\/leibnitz.edu.ar\/wp-content\/uploads\/2025\/05\/Power-Bi_2025-169x300.png 169w, https:\/\/leibnitz.edu.ar\/wp-content\/uploads\/2025\/05\/Power-Bi_2025-768x1365.png 768w, https:\/\/leibnitz.edu.ar\/wp-content\/uploads\/2025\/05\/Power-Bi_2025-864x1536.png 864w, https:\/\/leibnitz.edu.ar\/wp-content\/uploads\/2025\/05\/Power-Bi_2025.png 1080w\" sizes=\"(max-width: 576px) 100vw, 576px\" \/>\t\t\t\t\t\t\t\t\t\t\t\t\t\t\t<\/div>\n\t\t\t\t<\/div>\n\t\t\t\t<\/div>\n\t\t\t\t\t<\/div>\n\t\t\t\t<\/div>\n\t\t<div class=\"elementor-element elementor-element-c174850 e-flex e-con-boxed e-con e-parent\" data-id=\"c174850\" data-element_type=\"container\" data-e-type=\"container\">\n\t\t\t\t\t<div class=\"e-con-inner\">\n\t\t\t\t<div class=\"elementor-element elementor-element-3ba8718 elementor-widget elementor-widget-text-editor\" data-id=\"3ba8718\" data-element_type=\"widget\" data-e-type=\"widget\" data-widget_type=\"text-editor.default\">\n\t\t\t\t<div class=\"elementor-widget-container\">\n\t\t\t\t\t\t\t\t\t<p><b>Modalidad:<\/b><\/p><ul><li aria-level=\"1\">El curso combinar\u00e1 clases te\u00f3ricas con ejercicios pr\u00e1cticos para reforzar los conceptos aprendidos.<\/li><li aria-level=\"1\">Modalidad Presencial<\/li><\/ul><p><b>Dirigido a:<\/b><\/p><p>Este curso de &#8220;Introducci\u00f3n al Power BI&#8221; est\u00e1 dirigido a:<\/p><ol><li aria-level=\"1\"><b>Profesionales de negocios:<\/b> Que deseen utilizar Power BI para analizar datos y crear informes que les ayuden en la toma de decisiones.<\/li><li aria-level=\"1\"><b>Analistas de datos:<\/b> Que quieran mejorar sus habilidades en el uso de Power BI para el an\u00e1lisis y visualizaci\u00f3n de datos.<\/li><li aria-level=\"1\"><b>Gerentes y directivos:<\/b> Que necesiten comprender y utilizar herramientas de an\u00e1lisis de datos para gestionar sus \u00e1reas de responsabilidad.<\/li><li aria-level=\"1\"><b>Estudiantes:<\/b> Que est\u00e9n interesados en aprender una herramienta de an\u00e1lisis de datos ampliamente utilizada en el mundo laboral.<\/li><li aria-level=\"1\"><b>Cualquier persona interesada en an\u00e1lisis de datos:<\/b> Aunque no tenga experiencia previa, puede participar para aprender conceptos b\u00e1sicos y habilidades en Power BI.<\/li><\/ol><p><b>Inversi\u00f3n:<\/b><\/p><p>Se abona una inscripci\u00f3n de $15000. Y el costo total del curso es de $90000.<\/p><p><b>Dictado por:<\/b><\/p><p><strong>Anabel Astrada<\/strong><\/p><p>Profesora de Matem\u00e1tica &#8211; Analista de Datos<\/p>\t\t\t\t\t\t\t\t<\/div>\n\t\t\t\t<\/div>\n\t\t\t\t<div class=\"elementor-element elementor-element-b3b4699 elementor-widget elementor-widget-button\" data-id=\"b3b4699\" data-element_type=\"widget\" data-e-type=\"widget\" data-widget_type=\"button.default\">\n\t\t\t\t<div class=\"elementor-widget-container\">\n\t\t\t\t\t\t\t\t\t<div class=\"elementor-button-wrapper\">\n\t\t\t\t\t<a class=\"elementor-button elementor-button-link elementor-size-sm\" href=\"https:\/\/forms.gle\/voFWmmKm7Mj8KmAH8\">\n\t\t\t\t\t\t<span class=\"elementor-button-content-wrapper\">\n\t\t\t\t\t\t\t\t\t<span class=\"elementor-button-text\">Inscribite aqu\u00ed<\/span>\n\t\t\t\t\t<\/span>\n\t\t\t\t\t<\/a>\n\t\t\t\t<\/div>\n\t\t\t\t\t\t\t\t<\/div>\n\t\t\t\t<\/div>\n\t\t\t\t\t<\/div>\n\t\t\t\t<\/div>\n\t\t\t\t<\/div>\n\t\t","protected":false},"excerpt":{"rendered":"<p>INTRODUCCI\u00d3N A POWER BI Objetivos del curso: Familiarizar a los estudiantes con las capacidades y funcionalidades b\u00e1sicas de Power BI. Ense\u00f1ar a importar, transformar y visualizar datos utilizando Power BI Desktop. Introducir a los estudiantes en la creaci\u00f3n de informes interactivos y paneles de control. Proporcionar una visi\u00f3n general de las capacidades de publicaci\u00f3n y [&hellip;]<\/p>\n","protected":false},"author":1,"featured_media":0,"parent":0,"menu_order":0,"comment_status":"closed","ping_status":"closed","template":"","meta":{"_joinchat":[],"footnotes":""},"class_list":["post-1485","page","type-page","status-publish","hentry"],"_links":{"self":[{"href":"https:\/\/leibnitz.edu.ar\/index.php\/wp-json\/wp\/v2\/pages\/1485","targetHints":{"allow":["GET"]}}],"collection":[{"href":"https:\/\/leibnitz.edu.ar\/index.php\/wp-json\/wp\/v2\/pages"}],"about":[{"href":"https:\/\/leibnitz.edu.ar\/index.php\/wp-json\/wp\/v2\/types\/page"}],"author":[{"embeddable":true,"href":"https:\/\/leibnitz.edu.ar\/index.php\/wp-json\/wp\/v2\/users\/1"}],"replies":[{"embeddable":true,"href":"https:\/\/leibnitz.edu.ar\/index.php\/wp-json\/wp\/v2\/comments?post=1485"}],"version-history":[{"count":28,"href":"https:\/\/leibnitz.edu.ar\/index.php\/wp-json\/wp\/v2\/pages\/1485\/revisions"}],"predecessor-version":[{"id":2823,"href":"https:\/\/leibnitz.edu.ar\/index.php\/wp-json\/wp\/v2\/pages\/1485\/revisions\/2823"}],"wp:attachment":[{"href":"https:\/\/leibnitz.edu.ar\/index.php\/wp-json\/wp\/v2\/media?parent=1485"}],"curies":[{"name":"wp","href":"https:\/\/api.w.org\/{rel}","templated":true}]}}