{"id":1438,"date":"2024-03-05T23:04:26","date_gmt":"2024-03-06T02:04:26","guid":{"rendered":"http:\/\/leibnitz.edu.ar\/?page_id=1438"},"modified":"2025-08-25T20:12:31","modified_gmt":"2025-08-25T23:12:31","slug":"marketing-digital","status":"publish","type":"page","link":"https:\/\/leibnitz.edu.ar\/index.php\/marketing-digital\/","title":{"rendered":"Curso Marketing"},"content":{"rendered":"\t\t<div data-elementor-type=\"wp-page\" data-elementor-id=\"1438\" class=\"elementor elementor-1438\" data-elementor-post-type=\"page\">\n\t\t\t\t<div class=\"elementor-element elementor-element-a696265 e-con-full e-flex e-con e-parent\" data-id=\"a696265\" data-element_type=\"container\" data-e-type=\"container\">\n\t\t\t\t<\/div>\n\t\t<div class=\"elementor-element elementor-element-158e16a e-flex e-con-boxed e-con e-parent\" data-id=\"158e16a\" data-element_type=\"container\" data-e-type=\"container\">\n\t\t\t\t\t<div class=\"e-con-inner\">\n\t\t\t\t<div class=\"elementor-element elementor-element-dbfc895 elementor-widget elementor-widget-heading\" data-id=\"dbfc895\" data-element_type=\"widget\" data-e-type=\"widget\" data-widget_type=\"heading.default\">\n\t\t\t\t<div class=\"elementor-widget-container\">\n\t\t\t\t\t<h2 class=\"elementor-heading-title elementor-size-default\">Marketing Digital 2025<\/h2>\t\t\t\t<\/div>\n\t\t\t\t<\/div>\n\t\t\t\t\t<\/div>\n\t\t\t\t<\/div>\n\t\t<div class=\"elementor-element elementor-element-c497696 e-flex e-con-boxed e-con e-parent\" data-id=\"c497696\" data-element_type=\"container\" data-e-type=\"container\">\n\t\t\t\t\t<div class=\"e-con-inner\">\n\t\t\t\t<div class=\"elementor-element elementor-element-70929f4 elementor-widget elementor-widget-text-editor\" data-id=\"70929f4\" data-element_type=\"widget\" data-e-type=\"widget\" data-widget_type=\"text-editor.default\">\n\t\t\t\t<div class=\"elementor-widget-container\">\n\t\t\t\t\t\t\t\t\t<p>En un mundo cada vez m\u00e1s conectado, el marketing digital se ha convertido en una herramienta esencial para el \u00e9xito empresarial. Nuestra Tecnicatura Superior en Marketing Digital te prepara para enfrentar los desaf\u00edos del entorno digital, combinando fundamentos te\u00f3ricos con habilidades pr\u00e1cticas.<\/p><p>Aqu\u00ed te dejamos el dossier con el plan de estudio:<\/p>\t\t\t\t\t\t\t\t<\/div>\n\t\t\t\t<\/div>\n\t\t\t\t<div class=\"elementor-element elementor-element-6d2838e elementor-widget elementor-widget-button\" data-id=\"6d2838e\" data-element_type=\"widget\" data-e-type=\"widget\" data-widget_type=\"button.default\">\n\t\t\t\t<div class=\"elementor-widget-container\">\n\t\t\t\t\t\t\t\t\t<div class=\"elementor-button-wrapper\">\n\t\t\t\t\t<a class=\"elementor-button elementor-button-link elementor-size-sm\" href=\"https:\/\/leibnitz.edu.ar\/wp-content\/uploads\/2025\/08\/Carrera-TecMKTDigital-Leibnitz-1.pdf\">\n\t\t\t\t\t\t<span class=\"elementor-button-content-wrapper\">\n\t\t\t\t\t\t\t\t\t<span class=\"elementor-button-text\">Dossier T\u00c9CNICO SUPERIOR EN MARKETING DIGITAL<\/span>\n\t\t\t\t\t<\/span>\n\t\t\t\t\t<\/a>\n\t\t\t\t<\/div>\n\t\t\t\t\t\t\t\t<\/div>\n\t\t\t\t<\/div>\n\t\t\t\t\t<\/div>\n\t\t\t\t<\/div>\n\t\t<div class=\"elementor-element elementor-element-84e1de8 e-flex e-con-boxed e-con e-parent\" data-id=\"84e1de8\" data-element_type=\"container\" data-e-type=\"container\">\n\t\t\t\t\t<div class=\"e-con-inner\">\n\t\t\t\t<div class=\"elementor-element elementor-element-4954185 elementor-widget elementor-widget-text-editor\" data-id=\"4954185\" data-element_type=\"widget\" data-e-type=\"widget\" data-widget_type=\"text-editor.default\">\n\t\t\t\t<div class=\"elementor-widget-container\">\n\t\t\t\t\t\t\t\t\t<p>Para inscribirte, clic aqu\u00ed:<\/p>\t\t\t\t\t\t\t\t<\/div>\n\t\t\t\t<\/div>\n\t\t\t\t<div class=\"elementor-element elementor-element-61d770e elementor-widget elementor-widget-button\" data-id=\"61d770e\" data-element_type=\"widget\" data-e-type=\"widget\" data-widget_type=\"button.default\">\n\t\t\t\t<div class=\"elementor-widget-container\">\n\t\t\t\t\t\t\t\t\t<div class=\"elementor-button-wrapper\">\n\t\t\t\t\t<a class=\"elementor-button elementor-button-link elementor-size-sm\" href=\"https:\/\/docs.google.com\/forms\/d\/e\/1FAIpQLSfH74_w73G6zMXK2nhbieqH544q496pNItbonqIP1A_rhDraQ\/viewform\">\n\t\t\t\t\t\t<span class=\"elementor-button-content-wrapper\">\n\t\t\t\t\t\t\t\t\t<span class=\"elementor-button-text\">PRE - INSCRIPCI\u00d3N<\/span>\n\t\t\t\t\t<\/span>\n\t\t\t\t\t<\/a>\n\t\t\t\t<\/div>\n\t\t\t\t\t\t\t\t<\/div>\n\t\t\t\t<\/div>\n\t\t\t\t<div class=\"elementor-element elementor-element-8f6909b elementor-widget elementor-widget-button\" data-id=\"8f6909b\" data-element_type=\"widget\" data-e-type=\"widget\" data-widget_type=\"button.default\">\n\t\t\t\t<div class=\"elementor-widget-container\">\n\t\t\t\t\t\t\t\t\t<div class=\"elementor-button-wrapper\">\n\t\t\t\t\t<a class=\"elementor-button elementor-button-link elementor-size-sm\" href=\"https:\/\/leibnitz.edu.ar\/index.php\/observatorio-de-marketing\/\">\n\t\t\t\t\t\t<span class=\"elementor-button-content-wrapper\">\n\t\t\t\t\t\t\t\t\t<span class=\"elementor-button-text\">OBSERVATORIO DE  MARKETING DIGITAL - VILLA MAR\u00cdA<\/span>\n\t\t\t\t\t<\/span>\n\t\t\t\t\t<\/a>\n\t\t\t\t<\/div>\n\t\t\t\t\t\t\t\t<\/div>\n\t\t\t\t<\/div>\n\t\t\t\t\t<\/div>\n\t\t\t\t<\/div>\n\t\t\t\t<\/div>\n\t\t","protected":false},"excerpt":{"rendered":"<p>Marketing Digital 2025 En un mundo cada vez m\u00e1s conectado, el marketing digital se ha convertido en una herramienta esencial para el \u00e9xito empresarial. Nuestra Tecnicatura Superior en Marketing Digital te prepara para enfrentar los desaf\u00edos del entorno digital, combinando fundamentos te\u00f3ricos con habilidades pr\u00e1cticas. Aqu\u00ed te dejamos el dossier con el plan de estudio: [&hellip;]<\/p>\n","protected":false},"author":1,"featured_media":0,"parent":0,"menu_order":0,"comment_status":"closed","ping_status":"closed","template":"","meta":{"_joinchat":[],"footnotes":""},"class_list":["post-1438","page","type-page","status-publish","hentry"],"_links":{"self":[{"href":"https:\/\/leibnitz.edu.ar\/index.php\/wp-json\/wp\/v2\/pages\/1438","targetHints":{"allow":["GET"]}}],"collection":[{"href":"https:\/\/leibnitz.edu.ar\/index.php\/wp-json\/wp\/v2\/pages"}],"about":[{"href":"https:\/\/leibnitz.edu.ar\/index.php\/wp-json\/wp\/v2\/types\/page"}],"author":[{"embeddable":true,"href":"https:\/\/leibnitz.edu.ar\/index.php\/wp-json\/wp\/v2\/users\/1"}],"replies":[{"embeddable":true,"href":"https:\/\/leibnitz.edu.ar\/index.php\/wp-json\/wp\/v2\/comments?post=1438"}],"version-history":[{"count":61,"href":"https:\/\/leibnitz.edu.ar\/index.php\/wp-json\/wp\/v2\/pages\/1438\/revisions"}],"predecessor-version":[{"id":2843,"href":"https:\/\/leibnitz.edu.ar\/index.php\/wp-json\/wp\/v2\/pages\/1438\/revisions\/2843"}],"wp:attachment":[{"href":"https:\/\/leibnitz.edu.ar\/index.php\/wp-json\/wp\/v2\/media?parent=1438"}],"curies":[{"name":"wp","href":"https:\/\/api.w.org\/{rel}","templated":true}]}}