{"id":1350,"date":"2024-03-05T19:19:30","date_gmt":"2024-03-05T22:19:30","guid":{"rendered":"http:\/\/leibnitz.edu.ar\/?page_id=1350"},"modified":"2025-02-21T20:49:19","modified_gmt":"2025-02-21T23:49:19","slug":"novedades-2","status":"publish","type":"page","link":"https:\/\/leibnitz.edu.ar\/index.php\/novedades-2\/","title":{"rendered":"Novedades"},"content":{"rendered":"\t\t<div data-elementor-type=\"wp-page\" data-elementor-id=\"1350\" class=\"elementor elementor-1350\" data-elementor-post-type=\"page\">\n\t\t\t\t<div class=\"elementor-element elementor-element-3f3fb326 e-con-full e-flex e-con e-parent\" data-id=\"3f3fb326\" data-element_type=\"container\" data-e-type=\"container\">\n\t\t\t\t<\/div>\n\t\t<div class=\"elementor-element elementor-element-d5c8284 e-flex e-con-boxed e-con e-parent\" data-id=\"d5c8284\" data-element_type=\"container\" data-e-type=\"container\">\n\t\t\t\t\t<div class=\"e-con-inner\">\n\t\t\t\t<div class=\"elementor-element elementor-element-4042178 elementor-widget elementor-widget-heading\" data-id=\"4042178\" data-element_type=\"widget\" data-e-type=\"widget\" data-widget_type=\"heading.default\">\n\t\t\t\t<div class=\"elementor-widget-container\">\n\t\t\t\t\t<h2 class=\"elementor-heading-title elementor-size-default\">Novedades<\/h2>\t\t\t\t<\/div>\n\t\t\t\t<\/div>\n\t\t\t\t\t<\/div>\n\t\t\t\t<\/div>\n\t\t<div class=\"elementor-element elementor-element-9362ede e-flex e-con-boxed e-con e-parent\" data-id=\"9362ede\" data-element_type=\"container\" data-e-type=\"container\">\n\t\t\t\t\t<div class=\"e-con-inner\">\n\t\t<div class=\"elementor-element elementor-element-5fc4d1a e-con-full e-flex e-con e-child\" data-id=\"5fc4d1a\" data-element_type=\"container\" data-e-type=\"container\">\n\t\t\t\t<div class=\"elementor-element elementor-element-26de736 elementor-widget elementor-widget-image\" data-id=\"26de736\" data-element_type=\"widget\" data-e-type=\"widget\" data-widget_type=\"image.default\">\n\t\t\t\t<div class=\"elementor-widget-container\">\n\t\t\t\t\t\t\t\t\t\t\t\t\t\t\t<img fetchpriority=\"high\" decoding=\"async\" width=\"1080\" height=\"1080\" src=\"https:\/\/leibnitz.edu.ar\/wp-content\/uploads\/2025\/02\/Post-Instagram-Auguri-Frase-Elegante-Delicato-Acquerello-Rosa.png\" class=\"attachment-1536x1536 size-1536x1536 wp-image-2498\" alt=\"\" srcset=\"https:\/\/leibnitz.edu.ar\/wp-content\/uploads\/2025\/02\/Post-Instagram-Auguri-Frase-Elegante-Delicato-Acquerello-Rosa.png 1080w, https:\/\/leibnitz.edu.ar\/wp-content\/uploads\/2025\/02\/Post-Instagram-Auguri-Frase-Elegante-Delicato-Acquerello-Rosa-300x300.png 300w, https:\/\/leibnitz.edu.ar\/wp-content\/uploads\/2025\/02\/Post-Instagram-Auguri-Frase-Elegante-Delicato-Acquerello-Rosa-1024x1024.png 1024w, https:\/\/leibnitz.edu.ar\/wp-content\/uploads\/2025\/02\/Post-Instagram-Auguri-Frase-Elegante-Delicato-Acquerello-Rosa-150x150.png 150w, https:\/\/leibnitz.edu.ar\/wp-content\/uploads\/2025\/02\/Post-Instagram-Auguri-Frase-Elegante-Delicato-Acquerello-Rosa-768x768.png 768w\" sizes=\"(max-width: 1080px) 100vw, 1080px\" \/>\t\t\t\t\t\t\t\t\t\t\t\t\t\t\t<\/div>\n\t\t\t\t<\/div>\n\t\t\t\t<\/div>\n\t\t<div class=\"elementor-element elementor-element-cb677c0 e-con-full e-flex e-con e-child\" data-id=\"cb677c0\" data-element_type=\"container\" data-e-type=\"container\">\n\t\t\t\t<div class=\"elementor-element elementor-element-f37551d elementor-widget elementor-widget-heading\" data-id=\"f37551d\" data-element_type=\"widget\" data-e-type=\"widget\" data-widget_type=\"heading.default\">\n\t\t\t\t<div class=\"elementor-widget-container\">\n\t\t\t\t\t<h2 class=\"elementor-heading-title elementor-size-default\">Curso de Ingreso 2025 <\/h2>\t\t\t\t<\/div>\n\t\t\t\t<\/div>\n\t\t\t\t<div class=\"elementor-element elementor-element-ad1d7df elementor-widget elementor-widget-text-editor\" data-id=\"ad1d7df\" data-element_type=\"widget\" data-e-type=\"widget\" data-widget_type=\"text-editor.default\">\n\t\t\t\t<div class=\"elementor-widget-container\">\n\t\t\t\t\t\t\t\t\t<p data-start=\"137\" data-end=\"302\">\ud83d\udcc5 <strong data-start=\"140\" data-end=\"150\">Fechas<\/strong>: Del <strong data-start=\"156\" data-end=\"188\">25 de febrero al 20 de marzo<\/strong><br data-start=\"188\" data-end=\"191\" \/>\ud83d\udcc6 <strong data-start=\"194\" data-end=\"202\">D\u00edas<\/strong>: Martes, mi\u00e9rcoles y jueves<br data-start=\"230\" data-end=\"233\" \/>\u23f0 <strong data-start=\"235\" data-end=\"247\">Horarios<\/strong>: De <strong data-start=\"252\" data-end=\"269\" data-is-only-node=\"\">18:00 a 20:45<\/strong><br data-start=\"269\" data-end=\"272\" \/>\ud83d\udccd <strong data-start=\"275\" data-end=\"288\">Modalidad<\/strong>: Presencial<\/p><p data-start=\"304\" data-end=\"606\">El Curso de Ingreso est\u00e1 dise\u00f1ado para acompa\u00f1ar a los estudiantes en su adaptaci\u00f3n al Instituto Leibnitz, brind\u00e1ndoles herramientas clave para afrontar el a\u00f1o acad\u00e9mico con confianza.<\/p><p><a href=\"https:\/\/leibnitz.edu.ar\/index.php\/novedades-1\/\"><strong>Ver m\u00e1s<\/strong><\/a><\/p>\t\t\t\t\t\t\t\t<\/div>\n\t\t\t\t<\/div>\n\t\t\t\t<\/div>\n\t\t\t\t\t<\/div>\n\t\t\t\t<\/div>\n\t\t<div class=\"elementor-element elementor-element-38169b8b e-flex e-con-boxed e-con e-parent\" data-id=\"38169b8b\" data-element_type=\"container\" data-e-type=\"container\">\n\t\t\t\t\t<div class=\"e-con-inner\">\n\t\t<div class=\"elementor-element elementor-element-7325fb0d e-con-full e-flex e-con e-child\" data-id=\"7325fb0d\" data-element_type=\"container\" data-e-type=\"container\">\n\t\t\t\t<div class=\"elementor-element elementor-element-130691ff elementor-widget elementor-widget-image\" data-id=\"130691ff\" data-element_type=\"widget\" data-e-type=\"widget\" data-widget_type=\"image.default\">\n\t\t\t\t<div class=\"elementor-widget-container\">\n\t\t\t\t\t\t\t\t\t\t\t\t\t\t\t<img decoding=\"async\" width=\"1080\" height=\"1080\" src=\"https:\/\/leibnitz.edu.ar\/wp-content\/uploads\/2025\/02\/Post-Instagram-Auguri-Frase-Elegante-Delicato-Acquerello-Rosa2.png\" class=\"attachment-1536x1536 size-1536x1536 wp-image-2548\" alt=\"\" srcset=\"https:\/\/leibnitz.edu.ar\/wp-content\/uploads\/2025\/02\/Post-Instagram-Auguri-Frase-Elegante-Delicato-Acquerello-Rosa2.png 1080w, https:\/\/leibnitz.edu.ar\/wp-content\/uploads\/2025\/02\/Post-Instagram-Auguri-Frase-Elegante-Delicato-Acquerello-Rosa2-300x300.png 300w, https:\/\/leibnitz.edu.ar\/wp-content\/uploads\/2025\/02\/Post-Instagram-Auguri-Frase-Elegante-Delicato-Acquerello-Rosa2-1024x1024.png 1024w, https:\/\/leibnitz.edu.ar\/wp-content\/uploads\/2025\/02\/Post-Instagram-Auguri-Frase-Elegante-Delicato-Acquerello-Rosa2-150x150.png 150w, https:\/\/leibnitz.edu.ar\/wp-content\/uploads\/2025\/02\/Post-Instagram-Auguri-Frase-Elegante-Delicato-Acquerello-Rosa2-768x768.png 768w\" sizes=\"(max-width: 1080px) 100vw, 1080px\" \/>\t\t\t\t\t\t\t\t\t\t\t\t\t\t\t<\/div>\n\t\t\t\t<\/div>\n\t\t\t\t<\/div>\n\t\t<div class=\"elementor-element elementor-element-7d34cba0 e-con-full e-flex e-con e-child\" data-id=\"7d34cba0\" data-element_type=\"container\" data-e-type=\"container\">\n\t\t\t\t<div class=\"elementor-element elementor-element-483f5174 elementor-widget elementor-widget-heading\" data-id=\"483f5174\" data-element_type=\"widget\" data-e-type=\"widget\" data-widget_type=\"heading.default\">\n\t\t\t\t<div class=\"elementor-widget-container\">\n\t\t\t\t\t<h2 class=\"elementor-heading-title elementor-size-default\">Ex\u00e1menes Finales - Marzo 2025<\/h2>\t\t\t\t<\/div>\n\t\t\t\t<\/div>\n\t\t\t\t<div class=\"elementor-element elementor-element-25999b60 elementor-widget elementor-widget-text-editor\" data-id=\"25999b60\" data-element_type=\"widget\" data-e-type=\"widget\" data-widget_type=\"text-editor.default\">\n\t\t\t\t<div class=\"elementor-widget-container\">\n\t\t\t\t\t\t\t\t\t<p data-start=\"173\" data-end=\"208\">Estimados estudiantes,<\/p><p data-start=\"210\" data-end=\"418\">Les informamos que el <strong data-start=\"232\" data-end=\"255\">per\u00edodo de ex\u00e1menes<\/strong> se llevar\u00e1 a cabo desde el <strong data-start=\"283\" data-end=\"318\">5 de marzo hasta el 20 de marzo<\/strong>. Durante estas fechas, se rendir\u00e1n las materias correspondientes seg\u00fan el cronograma establecido.<\/p><p data-start=\"420\" data-end=\"666\">\ud83d\udccc <strong data-start=\"423\" data-end=\"443\">Recomendaciones:<\/strong><\/p><p data-start=\"420\" data-end=\"666\"><a href=\"https:\/\/leibnitz.edu.ar\/index.php\/novedades\/\"><strong>Ver m\u00e1s<\/strong><\/a><\/p>\t\t\t\t\t\t\t\t<\/div>\n\t\t\t\t<\/div>\n\t\t\t\t<\/div>\n\t\t\t\t\t<\/div>\n\t\t\t\t<\/div>\n\t\t<div class=\"elementor-element elementor-element-19ad92f2 e-flex e-con-boxed e-con e-parent\" data-id=\"19ad92f2\" data-element_type=\"container\" data-e-type=\"container\">\n\t\t\t\t\t<div class=\"e-con-inner\">\n\t\t<div class=\"elementor-element elementor-element-18d83f40 e-con-full e-flex e-con e-child\" data-id=\"18d83f40\" data-element_type=\"container\" data-e-type=\"container\">\n\t\t\t\t<div class=\"elementor-element elementor-element-2ae389c6 elementor-widget elementor-widget-image\" data-id=\"2ae389c6\" data-element_type=\"widget\" data-e-type=\"widget\" data-widget_type=\"image.default\">\n\t\t\t\t<div class=\"elementor-widget-container\">\n\t\t\t\t\t\t\t\t\t\t\t\t\t\t\t<img decoding=\"async\" width=\"1080\" height=\"1080\" src=\"https:\/\/leibnitz.edu.ar\/wp-content\/uploads\/2025\/02\/Post-Instagram-Auguri-Frase-Elegante-Delicato-Acquerello-Rosa1.png\" class=\"attachment-1536x1536 size-1536x1536 wp-image-2547\" alt=\"\" srcset=\"https:\/\/leibnitz.edu.ar\/wp-content\/uploads\/2025\/02\/Post-Instagram-Auguri-Frase-Elegante-Delicato-Acquerello-Rosa1.png 1080w, https:\/\/leibnitz.edu.ar\/wp-content\/uploads\/2025\/02\/Post-Instagram-Auguri-Frase-Elegante-Delicato-Acquerello-Rosa1-300x300.png 300w, https:\/\/leibnitz.edu.ar\/wp-content\/uploads\/2025\/02\/Post-Instagram-Auguri-Frase-Elegante-Delicato-Acquerello-Rosa1-1024x1024.png 1024w, https:\/\/leibnitz.edu.ar\/wp-content\/uploads\/2025\/02\/Post-Instagram-Auguri-Frase-Elegante-Delicato-Acquerello-Rosa1-150x150.png 150w, https:\/\/leibnitz.edu.ar\/wp-content\/uploads\/2025\/02\/Post-Instagram-Auguri-Frase-Elegante-Delicato-Acquerello-Rosa1-768x768.png 768w\" sizes=\"(max-width: 1080px) 100vw, 1080px\" \/>\t\t\t\t\t\t\t\t\t\t\t\t\t\t\t<\/div>\n\t\t\t\t<\/div>\n\t\t\t\t<\/div>\n\t\t<div class=\"elementor-element elementor-element-2b0cd054 e-con-full e-flex e-con e-child\" data-id=\"2b0cd054\" data-element_type=\"container\" data-e-type=\"container\">\n\t\t\t\t<div class=\"elementor-element elementor-element-6e15e859 elementor-widget elementor-widget-heading\" data-id=\"6e15e859\" data-element_type=\"widget\" data-e-type=\"widget\" data-widget_type=\"heading.default\">\n\t\t\t\t<div class=\"elementor-widget-container\">\n\t\t\t\t\t<h2 class=\"elementor-heading-title elementor-size-default\">\ud83d\udce2 \u00a1Inicio de Clases 2025! \ud83c\udf93\n<\/h2>\t\t\t\t<\/div>\n\t\t\t\t<\/div>\n\t\t\t\t<div class=\"elementor-element elementor-element-29957a74 elementor-widget elementor-widget-text-editor\" data-id=\"29957a74\" data-element_type=\"widget\" data-e-type=\"widget\" data-widget_type=\"text-editor.default\">\n\t\t\t\t<div class=\"elementor-widget-container\">\n\t\t\t\t\t\t\t\t\t<p data-start=\"130\" data-end=\"233\">Nos complace anunciar que el ciclo lectivo 2025 dar\u00e1 comienzo el <strong data-start=\"195\" data-end=\"230\">jueves 3 de abril a las 18:00 h<\/strong>.<\/p><p data-start=\"235\" data-end=\"432\">Invitamos a toda nuestra comunidad educativa a prepararse para un nuevo a\u00f1o de aprendizaje, crecimiento y<\/p><p data-start=\"235\" data-end=\"432\"><a href=\"https:\/\/leibnitz.edu.ar\/index.php\/novedad-2\/\"><strong>Ver m\u00e1s<\/strong><\/a><\/p><p><!-- notionvc: b500aff6-fb53-41b8-a0d4-aba85988c93d --><\/p>\t\t\t\t\t\t\t\t<\/div>\n\t\t\t\t<\/div>\n\t\t\t\t<\/div>\n\t\t\t\t\t<\/div>\n\t\t\t\t<\/div>\n\t\t<div class=\"elementor-element elementor-element-d7191d9 e-flex e-con-boxed e-con e-parent\" data-id=\"d7191d9\" data-element_type=\"container\" data-e-type=\"container\">\n\t\t\t\t\t<div class=\"e-con-inner\">\n\t\t\t\t\t<\/div>\n\t\t\t\t<\/div>\n\t\t\t\t<\/div>\n\t\t","protected":false},"excerpt":{"rendered":"<p>Novedades Curso de Ingreso 2025 \ud83d\udcc5 Fechas: Del 25 de febrero al 20 de marzo\ud83d\udcc6 D\u00edas: Martes, mi\u00e9rcoles y jueves\u23f0 Horarios: De 18:00 a 20:45\ud83d\udccd Modalidad: Presencial El Curso de Ingreso est\u00e1 dise\u00f1ado para acompa\u00f1ar a los estudiantes en su adaptaci\u00f3n al Instituto Leibnitz, brind\u00e1ndoles herramientas clave para afrontar el a\u00f1o acad\u00e9mico con confianza. Ver [&hellip;]<\/p>\n","protected":false},"author":1,"featured_media":0,"parent":0,"menu_order":0,"comment_status":"closed","ping_status":"closed","template":"","meta":{"_joinchat":[],"footnotes":""},"class_list":["post-1350","page","type-page","status-publish","hentry"],"_links":{"self":[{"href":"https:\/\/leibnitz.edu.ar\/index.php\/wp-json\/wp\/v2\/pages\/1350","targetHints":{"allow":["GET"]}}],"collection":[{"href":"https:\/\/leibnitz.edu.ar\/index.php\/wp-json\/wp\/v2\/pages"}],"about":[{"href":"https:\/\/leibnitz.edu.ar\/index.php\/wp-json\/wp\/v2\/types\/page"}],"author":[{"embeddable":true,"href":"https:\/\/leibnitz.edu.ar\/index.php\/wp-json\/wp\/v2\/users\/1"}],"replies":[{"embeddable":true,"href":"https:\/\/leibnitz.edu.ar\/index.php\/wp-json\/wp\/v2\/comments?post=1350"}],"version-history":[{"count":100,"href":"https:\/\/leibnitz.edu.ar\/index.php\/wp-json\/wp\/v2\/pages\/1350\/revisions"}],"predecessor-version":[{"id":2567,"href":"https:\/\/leibnitz.edu.ar\/index.php\/wp-json\/wp\/v2\/pages\/1350\/revisions\/2567"}],"wp:attachment":[{"href":"https:\/\/leibnitz.edu.ar\/index.php\/wp-json\/wp\/v2\/media?parent=1350"}],"curies":[{"name":"wp","href":"https:\/\/api.w.org\/{rel}","templated":true}]}}