{"id":1289,"date":"2024-03-04T21:58:06","date_gmt":"2024-03-05T00:58:06","guid":{"rendered":"http:\/\/leibnitz.edu.ar\/?page_id=1289"},"modified":"2025-02-21T20:25:05","modified_gmt":"2025-02-21T23:25:05","slug":"novedad-2","status":"publish","type":"page","link":"https:\/\/leibnitz.edu.ar\/index.php\/novedad-2\/","title":{"rendered":"Novedad 2"},"content":{"rendered":"\t\t<div data-elementor-type=\"wp-page\" data-elementor-id=\"1289\" class=\"elementor elementor-1289\" data-elementor-post-type=\"page\">\n\t\t\t\t<div class=\"elementor-element elementor-element-2d80cd04 e-con-full e-flex e-con e-parent\" data-id=\"2d80cd04\" data-element_type=\"container\" data-e-type=\"container\">\n\t\t\t\t<\/div>\n\t\t<div class=\"elementor-element elementor-element-7b596e41 e-flex e-con-boxed e-con e-parent\" data-id=\"7b596e41\" data-element_type=\"container\" data-e-type=\"container\">\n\t\t\t\t\t<div class=\"e-con-inner\">\n\t\t<div class=\"elementor-element elementor-element-72419f6 e-con-full e-flex e-con e-child\" data-id=\"72419f6\" data-element_type=\"container\" data-e-type=\"container\">\n\t\t\t\t<div class=\"elementor-element elementor-element-77b9205e elementor-widget elementor-widget-heading\" data-id=\"77b9205e\" data-element_type=\"widget\" data-e-type=\"widget\" data-widget_type=\"heading.default\">\n\t\t\t\t<div class=\"elementor-widget-container\">\n\t\t\t\t\t<h2 class=\"elementor-heading-title elementor-size-default\">\ud83d\udce2 \u00a1Inicio de Clases 2025! \ud83c\udf93<\/h2>\t\t\t\t<\/div>\n\t\t\t\t<\/div>\n\t\t\t\t<div class=\"elementor-element elementor-element-4407d0a5 elementor-widget elementor-widget-text-editor\" data-id=\"4407d0a5\" data-element_type=\"widget\" data-e-type=\"widget\" data-widget_type=\"text-editor.default\">\n\t\t\t\t<div class=\"elementor-widget-container\">\n\t\t\t\t\t\t\t\t\t<p data-start=\"130\" data-end=\"233\">Nos complace anunciar que el ciclo lectivo 2025 dar\u00e1 comienzo el <strong data-start=\"195\" data-end=\"230\">jueves 3 de abril a las 18:00 h<\/strong>.<\/p><p data-start=\"235\" data-end=\"432\">Invitamos a toda nuestra comunidad educativa a prepararse para un nuevo a\u00f1o de aprendizaje, crecimiento y compromiso. \u00a1Los esperamos con entusiasmo para compartir juntos este camino de formaci\u00f3n!<\/p><p data-start=\"434\" data-end=\"490\">Para m\u00e1s informaci\u00f3n, pueden contactarnos a trav\u00e9s de:<\/p><p data-start=\"492\" data-end=\"565\">\ud83d\udce7 <strong data-start=\"495\" data-end=\"506\">Correo:<\/strong> <a rel=\"noopener\" data-start=\"507\" data-end=\"533\">cextension@leibnitz.edu.ar<\/a><br data-start=\"533\" data-end=\"536\" \/>\ud83d\udcf1 <strong data-start=\"539\" data-end=\"552\">Tel\u00e9fono:<\/strong> 3034069816<\/p>\t\t\t\t\t\t\t\t<\/div>\n\t\t\t\t<\/div>\n\t\t\t\t<\/div>\n\t\t<div class=\"elementor-element elementor-element-9fbd7de e-con-full e-flex e-con e-child\" data-id=\"9fbd7de\" data-element_type=\"container\" data-e-type=\"container\">\n\t\t\t\t<div class=\"elementor-element elementor-element-d797868 elementor-widget elementor-widget-image\" data-id=\"d797868\" data-element_type=\"widget\" data-e-type=\"widget\" data-widget_type=\"image.default\">\n\t\t\t\t<div class=\"elementor-widget-container\">\n\t\t\t\t\t\t\t\t\t\t\t\t\t\t\t<img fetchpriority=\"high\" decoding=\"async\" width=\"800\" height=\"532\" src=\"https:\/\/leibnitz.edu.ar\/wp-content\/uploads\/2025\/02\/DSC_6422-1024x681.jpg\" class=\"attachment-large size-large wp-image-2513\" alt=\"\" srcset=\"https:\/\/leibnitz.edu.ar\/wp-content\/uploads\/2025\/02\/DSC_6422-1024x681.jpg 1024w, https:\/\/leibnitz.edu.ar\/wp-content\/uploads\/2025\/02\/DSC_6422-300x200.jpg 300w, https:\/\/leibnitz.edu.ar\/wp-content\/uploads\/2025\/02\/DSC_6422-768x511.jpg 768w, https:\/\/leibnitz.edu.ar\/wp-content\/uploads\/2025\/02\/DSC_6422-1536x1022.jpg 1536w, https:\/\/leibnitz.edu.ar\/wp-content\/uploads\/2025\/02\/DSC_6422-2048x1363.jpg 2048w\" sizes=\"(max-width: 800px) 100vw, 800px\" \/>\t\t\t\t\t\t\t\t\t\t\t\t\t\t\t<\/div>\n\t\t\t\t<\/div>\n\t\t\t\t<div class=\"elementor-element elementor-element-62987d53 elementor-widget elementor-widget-text-editor\" data-id=\"62987d53\" data-element_type=\"widget\" data-e-type=\"widget\" data-widget_type=\"text-editor.default\">\n\t\t\t\t<div class=\"elementor-widget-container\">\n\t\t\t\t\t\t\t\t\t<p><strong>M\u00e1s novedades..<\/strong><\/p><p>\u00a0<\/p>\t\t\t\t\t\t\t\t<\/div>\n\t\t\t\t<\/div>\n\t\t\t\t<\/div>\n\t\t\t\t\t<\/div>\n\t\t\t\t<\/div>\n\t\t\t\t<\/div>\n\t\t","protected":false},"excerpt":{"rendered":"<p>\ud83d\udce2 \u00a1Inicio de Clases 2025! \ud83c\udf93 Nos complace anunciar que el ciclo lectivo 2025 dar\u00e1 comienzo el jueves 3 de abril a las 18:00 h. Invitamos a toda nuestra comunidad educativa a prepararse para un nuevo a\u00f1o de aprendizaje, crecimiento y compromiso. \u00a1Los esperamos con entusiasmo para compartir juntos este camino de formaci\u00f3n! Para m\u00e1s [&hellip;]<\/p>\n","protected":false},"author":1,"featured_media":0,"parent":0,"menu_order":0,"comment_status":"closed","ping_status":"closed","template":"","meta":{"_joinchat":[],"footnotes":""},"class_list":["post-1289","page","type-page","status-publish","hentry"],"_links":{"self":[{"href":"https:\/\/leibnitz.edu.ar\/index.php\/wp-json\/wp\/v2\/pages\/1289","targetHints":{"allow":["GET"]}}],"collection":[{"href":"https:\/\/leibnitz.edu.ar\/index.php\/wp-json\/wp\/v2\/pages"}],"about":[{"href":"https:\/\/leibnitz.edu.ar\/index.php\/wp-json\/wp\/v2\/types\/page"}],"author":[{"embeddable":true,"href":"https:\/\/leibnitz.edu.ar\/index.php\/wp-json\/wp\/v2\/users\/1"}],"replies":[{"embeddable":true,"href":"https:\/\/leibnitz.edu.ar\/index.php\/wp-json\/wp\/v2\/comments?post=1289"}],"version-history":[{"count":46,"href":"https:\/\/leibnitz.edu.ar\/index.php\/wp-json\/wp\/v2\/pages\/1289\/revisions"}],"predecessor-version":[{"id":2539,"href":"https:\/\/leibnitz.edu.ar\/index.php\/wp-json\/wp\/v2\/pages\/1289\/revisions\/2539"}],"wp:attachment":[{"href":"https:\/\/leibnitz.edu.ar\/index.php\/wp-json\/wp\/v2\/media?parent=1289"}],"curies":[{"name":"wp","href":"https:\/\/api.w.org\/{rel}","templated":true}]}}