{"id":1051,"date":"2024-02-22T16:29:04","date_gmt":"2024-02-22T19:29:04","guid":{"rendered":"http:\/\/leibnitz.edu.ar\/?page_id=1051"},"modified":"2025-03-10T22:22:08","modified_gmt":"2025-03-11T01:22:08","slug":"equivalencias","status":"publish","type":"page","link":"https:\/\/leibnitz.edu.ar\/index.php\/equivalencias\/","title":{"rendered":"Equivalencias"},"content":{"rendered":"\t\t<div data-elementor-type=\"wp-page\" data-elementor-id=\"1051\" class=\"elementor elementor-1051\" data-elementor-post-type=\"page\">\n\t\t\t\t<div class=\"elementor-element elementor-element-aad7c67 e-con-full e-flex e-con e-parent\" data-id=\"aad7c67\" data-element_type=\"container\" data-e-type=\"container\" data-settings=\"{&quot;background_background&quot;:&quot;classic&quot;}\">\n\t\t\t\t<\/div>\n\t\t<div class=\"elementor-element elementor-element-c1f825c e-flex e-con-boxed e-con e-parent\" data-id=\"c1f825c\" data-element_type=\"container\" data-e-type=\"container\">\n\t\t\t\t\t<div class=\"e-con-inner\">\n\t\t<div class=\"elementor-element elementor-element-5fd9a7d e-con-full e-flex e-con e-child\" data-id=\"5fd9a7d\" data-element_type=\"container\" data-e-type=\"container\">\n\t\t\t\t<div class=\"elementor-element elementor-element-f712a36 elementor-widget elementor-widget-text-editor\" data-id=\"f712a36\" data-element_type=\"widget\" data-e-type=\"widget\" data-widget_type=\"text-editor.default\">\n\t\t\t\t<div class=\"elementor-widget-container\">\n\t\t\t\t\t\t\t\t\t<p><strong>\u00a1Atenci\u00f3n estudiantes!<\/strong><\/p><p>Se abre el per\u00edodo de <strong>Solicitud de Reconocimiento de Trayectorias Escolares 2025<\/strong><\/p><p>El Instituto informa a toda la comunidad estudiantil que a partir de <strong>11 de marzo de 2025 y hasta el 11 de abril de 2025<\/strong>, estar\u00e1 abierto el per\u00edodo de Solicitud de Reconocimiento de Trayectorias Escolares \u2013 Equivalencias 2025.<\/p><p>Este proceso permite a los estudiantes solicitar la homologaci\u00f3n de saberes, competencias y experiencias adquiridas en el \u00e1mbito acad\u00e9mico, laboral o en formaciones no formales, facilitando la continuidad de su trayectoria educativa.<\/p>\t\t\t\t\t\t\t\t<\/div>\n\t\t\t\t<\/div>\n\t\t\t\t<div class=\"elementor-element elementor-element-68d7124 elementor-widget elementor-widget-text-editor\" data-id=\"68d7124\" data-element_type=\"widget\" data-e-type=\"widget\" data-widget_type=\"text-editor.default\">\n\t\t\t\t<div class=\"elementor-widget-container\">\n\t\t\t\t\t\t\t\t\t<p><strong>\u00bfQui\u00e9nes pueden solicitar el reconocimiento?<\/strong><br \/>\ud83d\udccc Estudiantes con estudios previos en instituciones de educaci\u00f3n superior.<br \/>\ud83d\udccc Personas con experiencia laboral relacionada con su formaci\u00f3n actual.<br \/>\ud83d\udccc Quienes hayan realizado cursos, capacitaciones o certificaciones que puedan ser reconocidos.<\/p><p><strong>\u00bfC\u00f3mo realizar la solicitud?<\/strong><br \/>1\ufe0f\u20e3 Completar el formulario de solicitud disponible en el siguiente <a href=\"https:\/\/forms.gle\/wwwXCLY8fUew4vZK8\">enlace<\/a>.<br \/>2\ufe0f\u20e3 Cargar la documentaci\u00f3n respaldatoria en este formulario(certificados, constancias, programas de estudio, entre otros).<br \/>3\ufe0f\u20e3 Esperar la evaluaci\u00f3n por parte del comit\u00e9 acad\u00e9mico.<\/p><p>Por cualquier duda o consulta dirigirse a Coordinaci\u00f3n (cpedagogica@leibnitz.edu.ar) o por ws al 353 \u2013 4069816.<\/p>\t\t\t\t\t\t\t\t<\/div>\n\t\t\t\t<\/div>\n\t\t\t\t<div class=\"elementor-element elementor-element-96aa497 elementor-widget elementor-widget-button\" data-id=\"96aa497\" data-element_type=\"widget\" data-e-type=\"widget\" data-widget_type=\"button.default\">\n\t\t\t\t<div class=\"elementor-widget-container\">\n\t\t\t\t\t\t\t\t\t<div class=\"elementor-button-wrapper\">\n\t\t\t\t\t<a class=\"elementor-button elementor-button-link elementor-size-sm\" href=\"https:\/\/forms.gle\/wwwXCLY8fUew4vZK8\">\n\t\t\t\t\t\t<span class=\"elementor-button-content-wrapper\">\n\t\t\t\t\t\t\t\t\t<span class=\"elementor-button-text\">Solicit\u00e1 tus equivalencias AQU\u00cd<\/span>\n\t\t\t\t\t<\/span>\n\t\t\t\t\t<\/a>\n\t\t\t\t<\/div>\n\t\t\t\t\t\t\t\t<\/div>\n\t\t\t\t<\/div>\n\t\t\t\t<\/div>\n\t\t<div class=\"elementor-element elementor-element-d66da29 e-con-full e-flex e-con e-child\" data-id=\"d66da29\" data-element_type=\"container\" data-e-type=\"container\">\n\t\t\t\t<\/div>\n\t\t\t\t\t<\/div>\n\t\t\t\t<\/div>\n\t\t\t\t<\/div>\n\t\t","protected":false},"excerpt":{"rendered":"<p>\u00a1Atenci\u00f3n estudiantes! Se abre el per\u00edodo de Solicitud de Reconocimiento de Trayectorias Escolares 2025 El Instituto informa a toda la comunidad estudiantil que a partir de 11 de marzo de 2025 y hasta el 11 de abril de 2025, estar\u00e1 abierto el per\u00edodo de Solicitud de Reconocimiento de Trayectorias Escolares \u2013 Equivalencias 2025. Este proceso [&hellip;]<\/p>\n","protected":false},"author":1,"featured_media":0,"parent":0,"menu_order":0,"comment_status":"closed","ping_status":"closed","template":"","meta":{"_joinchat":[],"footnotes":""},"class_list":["post-1051","page","type-page","status-publish","hentry"],"_links":{"self":[{"href":"https:\/\/leibnitz.edu.ar\/index.php\/wp-json\/wp\/v2\/pages\/1051","targetHints":{"allow":["GET"]}}],"collection":[{"href":"https:\/\/leibnitz.edu.ar\/index.php\/wp-json\/wp\/v2\/pages"}],"about":[{"href":"https:\/\/leibnitz.edu.ar\/index.php\/wp-json\/wp\/v2\/types\/page"}],"author":[{"embeddable":true,"href":"https:\/\/leibnitz.edu.ar\/index.php\/wp-json\/wp\/v2\/users\/1"}],"replies":[{"embeddable":true,"href":"https:\/\/leibnitz.edu.ar\/index.php\/wp-json\/wp\/v2\/comments?post=1051"}],"version-history":[{"count":31,"href":"https:\/\/leibnitz.edu.ar\/index.php\/wp-json\/wp\/v2\/pages\/1051\/revisions"}],"predecessor-version":[{"id":2652,"href":"https:\/\/leibnitz.edu.ar\/index.php\/wp-json\/wp\/v2\/pages\/1051\/revisions\/2652"}],"wp:attachment":[{"href":"https:\/\/leibnitz.edu.ar\/index.php\/wp-json\/wp\/v2\/media?parent=1051"}],"curies":[{"name":"wp","href":"https:\/\/api.w.org\/{rel}","templated":true}]}}